{"id":504,"date":"2010-08-04T18:52:29","date_gmt":"2010-08-04T16:52:29","guid":{"rendered":"http:\/\/snakr.waw.pl\/wordpress\/?page_id=504"},"modified":"2015-07-30T13:13:31","modified_gmt":"2015-07-30T11:13:31","slug":"kocie-adopcje","status":"publish","type":"page","link":"https:\/\/snakr.waw.pl\/wordpress\/kocie-adopcje\/","title":{"rendered":"Kocie adopcje!"},"content":{"rendered":"<p style=\"text-align: justify;\"><!-- \t\t@page { size: 21cm 29.7cm; margin: 2cm } \t\tP { margin-bottom: 0.21cm } -->Na stronie b\u0119dziemy zamieszczali informacje o kotach, kt\u00f3re szukaj\u0105 domu, jak r\u00f3wnie\u017c o kotach, kt\u00f3re dom ju\u017c znalaz\u0142y, je\u015bli nasze poszukiwania zako\u0144czy\u0142y si\u0119 sukcesem. O potrzebie istnienia kociej adopcji nikogo przekonywa\u0107 chyba nie trzeba (zach\u0119cam do lektury podstrony\u00a0 <a href=\"https:\/\/snakr.waw.pl\/wordpress\/koty\/\" target=\"_blank\" rel=\"nofollow\">Koty<\/a>). Przypomnimy tylko, \u017ce kocia adopcja jest jednym z dw\u00f3ch filar\u00f3w pomocy bezdomnym kotom. Pierwszy filar to sterylizacja \u017cyj\u0105cych wolno kot\u00f3w, aby wyeliminowa\u0107 nowe koty, kt\u00f3re skazane s\u0105 na cierpienie. Drugim filarem jest znalezienie dom\u00f3w wszystkim kotom bezdomnym. Dwa filary razem w za\u0142o\u017ceniu prowadz\u0105 do wyeliminowania problemu kot\u00f3w bezdomnych. Oczywi\u015bcie w sytuacji idealnej, a wiemy, \u017ce tak nie jest. Koty rasowe zawsze znajda dom. Koty bezdomne, wielorasowe, najcz\u0119\u015bciej nie.<\/p>\n<p style=\"text-align: justify;\">Wszelkie uwagi, sugestie, zapytania oraz \u201ezam\u00f3wienia\u201d kot\u00f3w prosimy kierowa\u0107 na email podany na stronie g\u0142\u00f3wnej w zak\u0142adce kontakt.<\/p>\n<p><strong>Koty szukaj\u0105ce domu:<\/strong><\/p>\n<p>Obecnie nie mamy kotk\u00f3w do adopcji. Ale je\u015bli chcecie kotka, dajcie zna\u0107 na pewno co\u015b znajdziemy.<\/p>\n<p><strong>Koty, kt\u00f3re dzi\u0119ki Waszej pomocy dom znalaz\u0142y.<\/strong><\/p>\n<p><strong>Oczko<\/strong><\/p>\n<p style=\"text-align: justify;\">Pan kot, wielorasowy, \u017cyj\u0105cy w tym samym miejscu co Persjan. Oczko znalaz\u0142 dom dzi\u0119ki pomocy mojej kole\u017canki Ani, kt\u00f3r\u0105 serdecznie pozdrawiam. Oczkiem opiekowa\u0142a si\u0119 s\u0105siadka, dok\u0142adnie ta sama, kt\u00f3ra opiekuje si\u0119 bezdomnymi kotami w okolicy. Poni\u017cej Oczko jeszcze bez domu.<\/p>\n<p style=\"text-align: center;\"><img loading=\"lazy\" decoding=\"async\" class=\"size-full wp-image-506 aligncenter\" title=\"oczko\" src=\"https:\/\/snakr.waw.pl\/wordpress\/snakrFiles\/2010\/08\/oczko.jpg\" alt=\"\" width=\"283\" height=\"188\" \/><img loading=\"lazy\" decoding=\"async\" class=\"alignnone size-full wp-image-507\" title=\"oczko2\" src=\"https:\/\/snakr.waw.pl\/wordpress\/snakrFiles\/2010\/08\/oczko2.jpg\" alt=\"\" width=\"283\" height=\"188\" \/><img loading=\"lazy\" decoding=\"async\" class=\"size-full wp-image-508   aligncenter\" title=\"oczko3\" src=\"https:\/\/snakr.waw.pl\/wordpress\/snakrFiles\/2010\/08\/oczko3.jpg\" alt=\"\" width=\"208\" height=\"283\" \/><\/p>\n<p style=\"text-align: center;\">A oto Pan Oczko na swoich w\u0142o\u015bciach \ud83d\ude42<\/p>\n<p style=\"text-align: center;\"><img loading=\"lazy\" decoding=\"async\" class=\"alignleft size-full wp-image-589\" title=\"IMG_0390\" src=\"https:\/\/snakr.waw.pl\/wordpress\/snakrFiles\/2010\/08\/IMG_0390.jpg\" alt=\"\" width=\"340\" height=\"255\" srcset=\"https:\/\/snakr.waw.pl\/wordpress\/snakrFiles\/2010\/08\/IMG_0390.jpg 340w, https:\/\/snakr.waw.pl\/wordpress\/snakrFiles\/2010\/08\/IMG_0390-300x225.jpg 300w\" sizes=\"auto, (max-width: 340px) 100vw, 340px\" \/><img loading=\"lazy\" decoding=\"async\" class=\"aligncenter size-full wp-image-590\" title=\"IMG_0391\" src=\"https:\/\/snakr.waw.pl\/wordpress\/snakrFiles\/2010\/08\/IMG_0391.jpg\" alt=\"\" width=\"255\" height=\"340\" srcset=\"https:\/\/snakr.waw.pl\/wordpress\/snakrFiles\/2010\/08\/IMG_0391.jpg 255w, https:\/\/snakr.waw.pl\/wordpress\/snakrFiles\/2010\/08\/IMG_0391-225x300.jpg 225w\" sizes=\"auto, (max-width: 255px) 100vw, 255px\" \/><img loading=\"lazy\" decoding=\"async\" class=\"alignleft size-full wp-image-591\" title=\"IMG_0401\" src=\"https:\/\/snakr.waw.pl\/wordpress\/snakrFiles\/2010\/08\/IMG_0401.jpg\" alt=\"\" width=\"340\" height=\"255\" srcset=\"https:\/\/snakr.waw.pl\/wordpress\/snakrFiles\/2010\/08\/IMG_0401.jpg 340w, https:\/\/snakr.waw.pl\/wordpress\/snakrFiles\/2010\/08\/IMG_0401-300x225.jpg 300w\" sizes=\"auto, (max-width: 340px) 100vw, 340px\" \/><img loading=\"lazy\" decoding=\"async\" class=\"size-full wp-image-592 aligncenter\" title=\"IMG_0451\" src=\"https:\/\/snakr.waw.pl\/wordpress\/snakrFiles\/2010\/08\/IMG_0451.jpg\" alt=\"\" width=\"340\" height=\"255\" srcset=\"https:\/\/snakr.waw.pl\/wordpress\/snakrFiles\/2010\/08\/IMG_0451.jpg 340w, https:\/\/snakr.waw.pl\/wordpress\/snakrFiles\/2010\/08\/IMG_0451-300x225.jpg 300w\" sizes=\"auto, (max-width: 340px) 100vw, 340px\" \/><\/p>\n<p>&nbsp;<\/p>\n<p>&nbsp;<\/p>\n","protected":false},"excerpt":{"rendered":"<p>Na stronie b\u0119dziemy zamieszczali informacje o kotach, kt\u00f3re szukaj\u0105 domu, jak r\u00f3wnie\u017c o kotach, kt\u00f3re dom ju\u017c znalaz\u0142y, je\u015bli nasze poszukiwania zako\u0144czy\u0142y si\u0119 sukcesem. O potrzebie istnienia kociej adopcji nikogo przekonywa\u0107 chyba nie trzeba (zach\u0119cam do lektury podstrony\u00a0 Koty). Przypomnimy tylko, \u017ce kocia adopcja jest jednym z dw\u00f3ch filar\u00f3w pomocy bezdomnym kotom. Pierwszy filar to sterylizacja \u017cyj\u0105cych wolno kot\u00f3w, aby&#8230; <a href=\"https:\/\/snakr.waw.pl\/wordpress\/kocie-adopcje\/\">Read more &raquo;<\/a><\/p>\n","protected":false},"author":1,"featured_media":595,"parent":0,"menu_order":0,"comment_status":"closed","ping_status":"closed","template":"","meta":{"footnotes":""},"class_list":["post-504","page","type-page","status-publish","has-post-thumbnail","hentry"],"_links":{"self":[{"href":"https:\/\/snakr.waw.pl\/wordpress\/wp-json\/wp\/v2\/pages\/504","targetHints":{"allow":["GET"]}}],"collection":[{"href":"https:\/\/snakr.waw.pl\/wordpress\/wp-json\/wp\/v2\/pages"}],"about":[{"href":"https:\/\/snakr.waw.pl\/wordpress\/wp-json\/wp\/v2\/types\/page"}],"author":[{"embeddable":true,"href":"https:\/\/snakr.waw.pl\/wordpress\/wp-json\/wp\/v2\/users\/1"}],"replies":[{"embeddable":true,"href":"https:\/\/snakr.waw.pl\/wordpress\/wp-json\/wp\/v2\/comments?post=504"}],"version-history":[{"count":40,"href":"https:\/\/snakr.waw.pl\/wordpress\/wp-json\/wp\/v2\/pages\/504\/revisions"}],"predecessor-version":[{"id":1430,"href":"https:\/\/snakr.waw.pl\/wordpress\/wp-json\/wp\/v2\/pages\/504\/revisions\/1430"}],"wp:featuredmedia":[{"embeddable":true,"href":"https:\/\/snakr.waw.pl\/wordpress\/wp-json\/wp\/v2\/media\/595"}],"wp:attachment":[{"href":"https:\/\/snakr.waw.pl\/wordpress\/wp-json\/wp\/v2\/media?parent=504"}],"curies":[{"name":"wp","href":"https:\/\/api.w.org\/{rel}","templated":true}]}}